{"id":89,"date":"2019-06-20T09:05:10","date_gmt":"2019-06-20T09:05:10","guid":{"rendered":"http:\/\/www.misacademy.cz\/?page_id=89"},"modified":"2019-06-30T18:18:02","modified_gmt":"2019-06-30T18:18:02","slug":"zbrane","status":"publish","type":"page","link":"https:\/\/www.misacademy.cz\/index.php\/zbrane\/","title":{"rendered":"Zbran\u011b"},"content":{"rendered":"\n<p>Z\u00e1jemc\u016fm &#8211; majitel\u016fm zbrojn\u00edch pr\u016fkaz\u016f nab\u00edz\u00edme zaji\u0161t\u011bn\u00ed \u0161irok\u00e9ho v\u00fdb\u011bru zbran\u00ed od v\u0161ech renomovan\u00fdch zna\u010dek dostupn\u00fdch na na\u0161em trhu, i t\u011bch, kter\u00e9 jsou b\u011b\u017en\u011b nedostupn\u00e9. Nedr\u017e\u00edme velk\u00e9 sklady, proto m\u016f\u017eeme nab\u00edzet novinky hned a nemus\u00edme \u010dekat, a\u017e se n\u00e1m uvoln\u00ed finance ulo\u017een\u00e9 v nakoupen\u00e9m zbo\u017e\u00ed. Ka\u017ed\u00fd n\u00e1kup \u0159e\u0161\u00edme individu\u00e1ln\u011b a jsme p\u0159ipraven\u00ed probrat s V\u00e1mi v\u0161echny mo\u017enosti na trhu.<br><\/p>\n\n\n\n<p>Mimo samotn\u00fdch zbran\u00ed zaji\u0161\u0165ujeme tak\u00e9 dod\u00e1vky v\u0161eho pot\u0159ebn\u00e9ho p\u0159\u00edslu\u0161enstv\u00ed, a\u0165 se jedn\u00e1 o st\u0159elivo, na m\u00edru vyroben\u00e1 pouzdra, sluch\u00e1tka, optiku \u010di cokoliv dal\u0161\u00edho, co si z\u00e1kazn\u00edk p\u0159eje.<\/p>\n","protected":false},"excerpt":{"rendered":"<p>Z\u00e1jemc\u016fm &#8211; majitel\u016fm zbrojn\u00edch pr\u016fkaz\u016f nab\u00edz\u00edme zaji\u0161t\u011bn\u00ed \u0161irok\u00e9ho v\u00fdb\u011bru zbran\u00ed od v\u0161ech renomovan\u00fdch zna\u010dek dostupn\u00fdch na na\u0161em trhu, i t\u011bch, kter\u00e9 jsou b\u011b\u017en\u011b nedostupn\u00e9. Nedr\u017e\u00edme velk\u00e9 sklady, proto m\u016f\u017eeme nab\u00edzet novinky hned a nemus\u00edme \u010dekat, a\u017e se n\u00e1m uvoln\u00ed finance ulo\u017een\u00e9 v nakoupen\u00e9m zbo\u017e\u00ed. Ka\u017ed\u00fd n\u00e1kup \u0159e\u0161\u00edme individu\u00e1ln\u011b a jsme [&hellip;]<\/p>\n","protected":false},"author":1,"featured_media":0,"parent":0,"menu_order":0,"comment_status":"closed","ping_status":"closed","template":"","meta":{"_ti_tpc_template_sync":false,"_ti_tpc_template_id":"","footnotes":""},"class_list":["post-89","page","type-page","status-publish","hentry"],"_links":{"self":[{"href":"https:\/\/www.misacademy.cz\/index.php\/wp-json\/wp\/v2\/pages\/89"}],"collection":[{"href":"https:\/\/www.misacademy.cz\/index.php\/wp-json\/wp\/v2\/pages"}],"about":[{"href":"https:\/\/www.misacademy.cz\/index.php\/wp-json\/wp\/v2\/types\/page"}],"author":[{"embeddable":true,"href":"https:\/\/www.misacademy.cz\/index.php\/wp-json\/wp\/v2\/users\/1"}],"replies":[{"embeddable":true,"href":"https:\/\/www.misacademy.cz\/index.php\/wp-json\/wp\/v2\/comments?post=89"}],"version-history":[{"count":2,"href":"https:\/\/www.misacademy.cz\/index.php\/wp-json\/wp\/v2\/pages\/89\/revisions"}],"predecessor-version":[{"id":174,"href":"https:\/\/www.misacademy.cz\/index.php\/wp-json\/wp\/v2\/pages\/89\/revisions\/174"}],"wp:attachment":[{"href":"https:\/\/www.misacademy.cz\/index.php\/wp-json\/wp\/v2\/media?parent=89"}],"curies":[{"name":"wp","href":"https:\/\/api.w.org\/{rel}","templated":true}]}}