{"id":87,"date":"2019-06-20T09:04:54","date_gmt":"2019-06-20T09:04:54","guid":{"rendered":"http:\/\/www.misacademy.cz\/?page_id=87"},"modified":"2019-06-30T18:11:09","modified_gmt":"2019-06-30T18:11:09","slug":"doplnky-a-prislusenstvi","status":"publish","type":"page","link":"https:\/\/www.misacademy.cz\/index.php\/doplnky-a-prislusenstvi\/","title":{"rendered":"Dopl\u0148ky a p\u0159\u00edslu\u0161enstv\u00ed"},"content":{"rendered":"\n<p>Ka\u017ed\u00fd m\u00e1 jin\u00e9 po\u017eadavky, jin\u00e9 p\u0159edstavy o tom, jak chce aby jeho p\u0159\u00edslu\u0161enstv\u00ed vypadalo. S tradi\u010dn\u00ed v\u00fdrobou jsou dlouh\u00e9 dodac\u00ed doby, vysok\u00e9 n\u00e1klady na po\u010d\u00e1tku a prvn\u00ed v\u00fdsledky jsou \u010dasto nejist\u00e9, n\u00e1sledn\u00e9 odla\u010fov\u00e1n\u00ed v\u00fdrobk\u016f zabere spoustu \u010dasu a stoj\u00ed dal\u0161\u00ed pen\u00edze. Nemluv\u011b o n\u00e1sledn\u00fdch zm\u011bn\u00e1ch nebo mo\u017enostech individualizace v\u00fdrobk\u016f.<\/p>\n\n\n\n<p>Vyu\u017e\u00edv\u00e1me nejmodern\u011bj\u0161\u00ed metody 3D tisku, abychom mohli nab\u00edzet nejr\u016fzn\u011bj\u0161\u00ed varianty a \u00fapravy na\u0161ich v\u00fdrobk\u016f (barvy, rozm\u011bry) a mohli je p\u0159izp\u016fsobit konkr\u00e9tn\u00edm po\u017eadavk\u016fm na\u0161ich klient\u016f.<\/p>\n\n\n\n<p>Zde je uveden jenom \u00fazk\u00fd v\u00fdb\u011br na\u0161ich dosavadn\u00edch v\u00fdrobk\u016f. Pokud m\u00e1te vlastn\u00ed p\u0159edstavu,&nbsp;kontaktujte n\u00e1s, r\u00e1di vyu\u017eijeme na\u0161e znalosti a zku\u0161enosti ve V\u00e1\u0161 prosp\u011bch.<\/p>\n\n\n\n<p>Nab\u00edz\u00edme tak\u00e9 mo\u017enost zak\u00e1zkov\u00e9ho 3D tisku a to bu\u010f z Va\u0161ich model\u016f, nebo &#8222;na kl\u00ed\u010d&#8220;, tedy v\u010detn\u011b vypracov\u00e1n\u00ed ve\u0161ker\u00fdch podklad\u016f a model\u016f (kter\u00e9 V\u00e1m potom budou p\u0159ed\u00e1ny).<\/p>\n","protected":false},"excerpt":{"rendered":"<p>Ka\u017ed\u00fd m\u00e1 jin\u00e9 po\u017eadavky, jin\u00e9 p\u0159edstavy o tom, jak chce aby jeho p\u0159\u00edslu\u0161enstv\u00ed vypadalo. S tradi\u010dn\u00ed v\u00fdrobou jsou dlouh\u00e9 dodac\u00ed doby, vysok\u00e9 n\u00e1klady na po\u010d\u00e1tku a prvn\u00ed v\u00fdsledky jsou \u010dasto nejist\u00e9, n\u00e1sledn\u00e9 odla\u010fov\u00e1n\u00ed v\u00fdrobk\u016f zabere spoustu \u010dasu a stoj\u00ed dal\u0161\u00ed pen\u00edze. Nemluv\u011b o n\u00e1sledn\u00fdch zm\u011bn\u00e1ch nebo mo\u017enostech individualizace v\u00fdrobk\u016f. Vyu\u017e\u00edv\u00e1me [&hellip;]<\/p>\n","protected":false},"author":1,"featured_media":0,"parent":0,"menu_order":0,"comment_status":"closed","ping_status":"closed","template":"","meta":{"_ti_tpc_template_sync":false,"_ti_tpc_template_id":"","footnotes":""},"class_list":["post-87","page","type-page","status-publish","hentry"],"_links":{"self":[{"href":"https:\/\/www.misacademy.cz\/index.php\/wp-json\/wp\/v2\/pages\/87"}],"collection":[{"href":"https:\/\/www.misacademy.cz\/index.php\/wp-json\/wp\/v2\/pages"}],"about":[{"href":"https:\/\/www.misacademy.cz\/index.php\/wp-json\/wp\/v2\/types\/page"}],"author":[{"embeddable":true,"href":"https:\/\/www.misacademy.cz\/index.php\/wp-json\/wp\/v2\/users\/1"}],"replies":[{"embeddable":true,"href":"https:\/\/www.misacademy.cz\/index.php\/wp-json\/wp\/v2\/comments?post=87"}],"version-history":[{"count":3,"href":"https:\/\/www.misacademy.cz\/index.php\/wp-json\/wp\/v2\/pages\/87\/revisions"}],"predecessor-version":[{"id":185,"href":"https:\/\/www.misacademy.cz\/index.php\/wp-json\/wp\/v2\/pages\/87\/revisions\/185"}],"wp:attachment":[{"href":"https:\/\/www.misacademy.cz\/index.php\/wp-json\/wp\/v2\/media?parent=87"}],"curies":[{"name":"wp","href":"https:\/\/api.w.org\/{rel}","templated":true}]}}