{"id":850,"date":"2021-09-01T11:51:09","date_gmt":"2021-09-01T09:51:09","guid":{"rendered":"https:\/\/www.misacademy.cz\/?page_id=850"},"modified":"2021-09-03T22:04:06","modified_gmt":"2021-09-03T20:04:06","slug":"gdpr","status":"publish","type":"page","link":"https:\/\/www.misacademy.cz\/index.php\/gdpr\/","title":{"rendered":"GDPR"},"content":{"rendered":"\n<p><strong>OCHRANA OSOBN\u00cdCH \u00daDAJ\u016e A ZAS\u00cdL\u00c1N\u00cd OBCHODN\u00cdCH SD\u011aLEN\u00cd&nbsp;&nbsp;<\/strong><br><\/p>\n\n\n\n<p><strong>Zjednodu\u0161en\u00e1 forma:<\/strong> Nikdy Va\u0161e data nep\u0159ed\u00e1me t\u0159et\u00edm osob\u00e1m (krom\u011b dopravn\u00edch spole\u010dnost\u00ed), nikdy je neprod\u00e1me, nikdy je nezneu\u017eijeme pro spamov\u00e1n\u00ed v\u00e1s nab\u00eddkami &#8211; sami to nesn\u00e1\u0161\u00edme. Na co je vyu\u017eijeme &#8211; kontaktovat v\u00e1s zp\u011bt s informacemi, kter\u00e9 jste vy\u017e\u00e1dali. Pokud budete cht\u00edt, v\u0161echno co m\u016f\u017eeme (co nevy\u017eaduje n\u011bjak\u00fd jin\u00fd z\u00e1kon) o v\u00e1s zapomeneme a u\u017e v\u00e1s nikdy kontaktovat nebudeme &#8211; sta\u010d\u00ed n\u00e1m to napsat. D\u011bl\u00e1me v\u0161e pro to, aby se va\u0161e data nikdy nedostala mimo na\u0161i spole\u010dnost.<\/p>\n\n\n\n<p>A te\u010f oblig\u00e1tn\u00ed odstavcov\u00e9 zn\u011bn\u00ed:<\/p>\n\n\n\n<p><br><strong>1.\u00a0\u00a0<\/strong>\u00a0Ochrana osobn\u00edch \u00fadaj\u016f z\u00e1kazn\u00edka, kter\u00fd je fyzickou osobou, je poskytov\u00e1na z\u00e1konem \u010d.\u00a0101\/2000 Sb., o ochran\u011b osobn\u00edch \u00fadaj\u016f, ve zn\u011bn\u00ed pozd\u011bj\u0161\u00edch p\u0159edpis\u016f a p\u0159\u00edmo pou\u017eiteln\u00fdmi p\u0159edpisy Evropsk\u00e9 unie, p\u0159edev\u0161\u00edm Na\u0159\u00edzen\u00edm Evropsk\u00e9ho parlamentu a Rady (EU) ze dne 27. dubna 2016 \u010d. 2016\/679, o ochran\u011b fyzick\u00fdch osob v\u00a0souvislosti se zpracov\u00e1n\u00edm osobn\u00edch \u00fadaj\u016f a o voln\u00e9m pohybu t\u011bchto \u00fadaj\u016f a o zru\u0161en\u00ed sm\u011brnice 95\/46\/ES (d\u00e1le jen jako \u201eNa\u0159\u00edzen\u00ed\u201c).\u00a0\u00a0\u00a0\u00a0\u00a0\u00a0\u00a0<br><br><strong>2.\u00a0\u00a0<\/strong>\u00a0Z\u00e1kazn\u00edk bere na v\u011bdom\u00ed, \u017ee spole\u010dnost QPQ, s.r.o. za \u00fa\u010delem pln\u011bn\u00ed  smluv a povinnost\u00ed stanov\u00fdch t\u011bmito obchodn\u00edmi podm\u00ednkami a pr\u00e1vn\u00edmi p\u0159edpisy zpracov\u00e1v\u00e1 vybran\u00e9 osobn\u00ed \u00fadaje z\u00e1kazn\u00edka: jm\u00e9no a p\u0159\u00edjmen\u00ed, p\u0159\u00edpadn\u011b adresa bydli\u0161t\u011b, identifika\u010dn\u00ed \u010d\u00edslo, da\u0148ov\u00e9 identifika\u010dn\u00ed \u010d\u00edslo, adresa elektronick\u00e9 po\u0161ty, telefonn\u00ed \u010d\u00edslo, a d\u00e1le \u00fadaje t\u00fdkaj\u00edc\u00ed se zaplacen\u00ed ceny zbo\u017e\u00ed nebo slu\u017eeb (d\u00e1le spole\u010dn\u011b v\u0161e jen jako \u201eosobn\u00ed \u00fadaje\u201c).\u00a0\u00a0\u00a0\u00a0\u00a0\u00a0\u00a0<br><br><strong>3.\u00a0\u00a0<\/strong>\u00a0Z\u00e1kazn\u00edk bere na v\u011bdom\u00ed, \u017ee je povinen sv\u00e9 osobn\u00ed \u00fadaje (p\u0159i registraci, ve sv\u00e9m u\u017eivatelsk\u00e9m \u00fa\u010dtu, p\u0159i objedn\u00e1vce proveden\u00e9 z\u00a0webov\u00e9ho rozhran\u00ed obchodu) uv\u00e1d\u011bt spr\u00e1vn\u011b a\u00a0pravdiv\u011b a\u00a0\u017ee je povinen bez zbyte\u010dn\u00e9ho odkladu informovat spole\u010dnost o zm\u011bn\u011b ve\u00a0sv\u00fdch osobn\u00edch \u00fadaj\u00edch.\u00a0\u00a0\u00a0\u00a0\u00a0\u00a0\u00a0<br><br><strong>4.\u00a0\u00a0<\/strong>\u00a0Zpracov\u00e1n\u00edm osobn\u00edch \u00fadaj\u016f z\u00e1kazn\u00edka m\u016f\u017ee spole\u010dnost pov\u011b\u0159it t\u0159et\u00ed osobu, jako\u017eto zpracovatele. Krom\u011b osob dopravuj\u00edc\u00edch zbo\u017e\u00ed nebudou osobn\u00ed \u00fadaje spole\u010dnost\u00ed bez p\u0159edchoz\u00edho souhlasu z\u00e1kazn\u00edka p\u0159ed\u00e1v\u00e1ny t\u0159et\u00edm osob\u00e1m.\u00a0\u00a0\u00a0\u00a0\u00a0\u00a0\u00a0<br><br><strong>5.\u00a0\u00a0<\/strong>\u00a0\u00dadaje zpracovan\u00e9 za \u00fa\u010delem spln\u011bn\u00ed smlouvy, jej\u00ed\u017e smluvn\u00ed stranou je z\u00e1kazn\u00edk, p\u0159\u00edpadn\u011b jsou nezbytn\u00e9 pro spln\u011bn\u00ed pr\u00e1vn\u00ed povinnosti (pro zaji\u0161t\u011bn\u00ed dod\u00e1n\u00ed slu\u017eby, vy\u0159izov\u00e1n\u00ed reklamac\u00ed, \u00fa\u010detn\u00ed povinnosti a dal\u0161\u00ed) jsou uchov\u00e1ny po dobu nezbytn\u011b nutnou pro \u0159\u00e1dn\u00e9 spln\u011bn\u00ed smlouvy, pop\u0159. po lh\u016ftu stanovenou pr\u00e1vn\u00edmi p\u0159edpisy (z\u00e1kon \u010d. 89\/2012 Sb., ob\u010dansk\u00fd z\u00e1kon\u00edk, z\u00e1kon \u010d. 563\/1991 Sb., o \u00fa\u010detnictv\u00ed apod.), nejd\u00e9le v\u0161ak po dobu 10 let. Osobn\u00ed \u00fadaje z\u00e1kazn\u00edka jsou zpracov\u00e1v\u00e1ny v elektronick\u00e9 podob\u011b automatizovan\u00fdm zp\u016fsobem a\/nebo v ti\u0161t\u011bn\u00e9 podob\u011b neautomatizovan\u00fdm zp\u016fsobem, v\u00a0z\u00e1vislosti na druhu zpracov\u00e1n\u00ed.\u00a0\u00a0\u00a0\u00a0\u00a0\u00a0\u00a0<br>Z\u00e1kazn\u00edk potvrzuje, \u017ee poskytnut\u00e9 osobn\u00ed \u00fadaje jsou p\u0159esn\u00e9 a \u017ee byl pou\u010den o tom, \u017ee\u00a0se\u00a0jedn\u00e1 o dobrovoln\u00e9 poskytnut\u00ed osobn\u00edch \u00fadaj\u016f. Z\u00e1kazn\u00edk m\u00e1 k zaru\u010den\u00ed ochrany jeho osobn\u00edch \u00fadaj\u016f tato pr\u00e1va:\u00a0\u00a0\u00a0\u00a0\u00a0\u00a0\u00a0<br><br><strong>\u2022\u00a0\u00a0<\/strong>\u00a0Pr\u00e1vo na informace (pr\u00e1vem na informace se rozum\u00ed ve\u0161ker\u00e1 pr\u00e1va z\u00e1kazn\u00edka obsa\u017een\u00e1 v \u010dl. 13 Na\u0159\u00edzen\u00ed, zejm\u00e9na se jedn\u00e1 o pr\u00e1vo z\u00e1kazn\u00edka na znalost toto\u017enosti a kontaktn\u00edch \u00fadaj\u016f spole\u010dnosti a na znalost \u00fa\u010delu, pro kter\u00fd jsou osobn\u00ed \u00fadaje z\u00e1kazn\u00edka spole\u010dnost\u00ed shroma\u017e\u010fov\u00e1ny a zpracov\u00e1v\u00e1ny).\u00a0\u00a0\u00a0\u00a0\u00a0\u00a0\u00a0<br><br><strong>\u2022\u00a0\u00a0<\/strong>\u00a0Pr\u00e1vo na p\u0159\u00edstup k osobn\u00edm \u00fadaj\u016fm (pr\u00e1vem na p\u0159\u00edstup k osobn\u00edm \u00fadaj\u016fm se rozum\u00ed ve\u0161ker\u00e1 pr\u00e1va z\u00e1kazn\u00edka obsa\u017een\u00e1 v \u010dl. 15 Na\u0159\u00edzen\u00ed, zejm\u00e9na se jedn\u00e1 o pr\u00e1vo z\u00e1kazn\u00edka na z\u00edsk\u00e1n\u00ed potvrzen\u00ed od spole\u010dnosti, zda a p\u0159\u00edpadn\u011b za jak\u00fdm \u00fa\u010delem jsou osobn\u00ed \u00fadaje z\u00e1kazn\u00edka zpracov\u00e1v\u00e1ny).\u00a0\u00a0\u00a0\u00a0\u00a0\u00a0\u00a0<br><br><strong>\u2022\u00a0\u00a0<\/strong>\u00a0Pr\u00e1vo na opravu (pr\u00e1vem na opravu se rozum\u00ed ve\u0161ker\u00e1 pr\u00e1va z\u00e1kazn\u00edka obsa\u017een\u00e1 v \u010dl. 16 Na\u0159\u00edzen\u00ed, zejm\u00e9na pak pr\u00e1vo po\u017eadovat, aby spole\u010dnost opravila bez zbyte\u010dn\u00e9ho odkladu nep\u0159esn\u00e9 nebo nespr\u00e1vn\u00e9 osobn\u00ed \u00fadaje, kter\u00e9 se z\u00e1kazn\u00edka t\u00fdkaj\u00ed).\u00a0\u00a0\u00a0\u00a0\u00a0\u00a0\u00a0<br><br><strong>\u2022\u00a0\u00a0<\/strong>\u00a0Pr\u00e1vo na v\u00fdmaz &#8211; b\u00fdt zapomenut (pr\u00e1vem na v\u00fdmaz se rozum\u00ed ve\u0161ker\u00e1 pr\u00e1va z\u00e1kazn\u00edka obsa\u017een\u00e1 v \u010dl. 17 Na\u0159\u00edzen\u00ed, zejm\u00e9na se jedn\u00e1 o pr\u00e1vo z\u00e1kazn\u00edka, aby spole\u010dnost bez zbyte\u010dn\u00e9ho odkladu na po\u017e\u00e1d\u00e1n\u00ed z\u00e1kazn\u00edka vymazala osobn\u00ed \u00fadaje z\u00e1kazn\u00edka za p\u0159edpokladu, \u017ee pro to budou napln\u011bny podm\u00ednky dan\u00e9 Na\u0159\u00edzen\u00edm).\u00a0\u00a0\u00a0\u00a0\u00a0\u00a0\u00a0<br><br><strong>\u2022\u00a0\u00a0<\/strong>\u00a0Pr\u00e1vo na omezen\u00ed zpracov\u00e1n\u00ed (pr\u00e1vem na omezen\u00ed zpracov\u00e1n\u00ed se rozum\u00ed ve\u0161ker\u00e1 pr\u00e1va z\u00e1kazn\u00edka obsa\u017een\u00e1 v \u010dl. 18 Na\u0159\u00edzen\u00ed).\u00a0\u00a0\u00a0\u00a0\u00a0\u00a0\u00a0<br><br><strong>\u2022\u00a0\u00a0<\/strong>\u00a0Pr\u00e1vo na p\u0159enositelnost \u00fadaj\u016f (pr\u00e1vem na p\u0159enositelnost \u00fadaj\u016f se rozum\u00ed ve\u0161ker\u00e1 pr\u00e1va z\u00e1kazn\u00edka obsa\u017een\u00e1 v \u010dl. 20 Na\u0159\u00edzen\u00ed, zejm\u00e9na pak pr\u00e1vo z\u00e1kazn\u00edka z\u00edskat sv\u00e9 osobn\u00ed \u00fadaje, kter\u00e9 poskytl spole\u010dnosti, ve strukturovan\u00e9m, b\u011b\u017en\u011b pou\u017e\u00edvan\u00e9m a strojov\u011b \u010diteln\u00e9m form\u00e1tu).\u00a0\u00a0\u00a0\u00a0\u00a0\u00a0\u00a0<br><br><strong>\u2022\u00a0\u00a0\u00a0<\/strong>Pr\u00e1vo vzn\u00e9st n\u00e1mitku (pr\u00e1vem vzn\u00e9st n\u00e1mitku se rozum\u00ed ve\u0161ker\u00e1 pr\u00e1va z\u00e1kazn\u00edka obsa\u017een\u00e1 v \u010dl. 21 Na\u0159\u00edzen\u00ed).\u00a0\u00a0\u00a0\u00a0\u00a0\u00a0\u00a0<br><br><strong>\u2022\u00a0\u00a0\u00a0<\/strong>Zjist\u00ed-li nebo domn\u00edv\u00e1-li se z\u00e1kazn\u00edk, \u017ee spole\u010dnost zpracov\u00e1v\u00e1 jeho osobn\u00ed \u00fadaje v rozporu s ochranou soukrom\u00e9ho \u017eivota z\u00e1kazn\u00edka, v rozporu s\u00a0Na\u0159\u00edzen\u00edm nebo v rozporu se z\u00e1konem, m\u016f\u017ee po\u017eadovat po spole\u010dnosti vysv\u011btlen\u00ed \u010di po\u017eadovat, aby byl takov\u00fd stav odstran\u011bn.\u00a0\u00a0Zejm\u00e9na se\u00a0m\u016f\u017ee jednat o blokov\u00e1n\u00ed, proveden\u00ed opravy, dopln\u011bn\u00ed nebo likvidaci osobn\u00edch \u00fadaj\u016f.\u00a0\u00a0\u00a0\u00a0\u00a0\u00a0\u00a0<br><br><strong>\u2022\u00a0\u00a0\u00a0<\/strong>Nesjedn\u00e1\u2013li spole\u010dnost n\u00e1pravu, m\u00e1 z\u00e1kazn\u00edk pr\u00e1vo obr\u00e1tit se se st\u00ed\u017enost\u00ed na \u00da\u0159ad pro ochranu osobn\u00edch \u00fadaj\u016f, kter\u00fd pln\u00ed \u00falohu dozorov\u00e9ho \u00fa\u0159adu ve v\u011bcech ochrany osobn\u00edch \u00fadaj\u016f. Pr\u00e1vo z\u00e1kazn\u00edka na jin\u00e9 prost\u0159edky soudn\u00ed a spr\u00e1vn\u00ed ochrany t\u00edm nen\u00ed dot\u010deno.\u00a0\u00a0\u00a0\u00a0\u00a0\u00a0\u00a0<br><br><strong>6.\u00a0\u00a0<\/strong>\u00a0Po\u017e\u00e1d\u00e1-li z\u00e1kazn\u00edk o informaci o zpracov\u00e1n\u00ed sv\u00fdch osobn\u00edch \u00fadaj\u016f, je mu spole\u010dnost povinna tuto informaci p\u0159edat. Spole\u010dnost m\u00e1 pr\u00e1vo za poskytnut\u00ed informace podle p\u0159edchoz\u00ed v\u011bty po\u017eadovat p\u0159im\u011b\u0159enou \u00fahradu nep\u0159evy\u0161uj\u00edc\u00ed n\u00e1klady nezbytn\u00e9 na poskytnut\u00ed informace.\u00a0\u00a0\u00a0\u00a0\u00a0\u00a0\u00a0<br><br><strong>7.\u00a0\u00a0<\/strong>\u00a0Z\u00e1kazn\u00edk projevuje souhlas se zas\u00edl\u00e1n\u00edm informac\u00ed souvisej\u00edc\u00edch se zbo\u017e\u00edm, slu\u017ebami nebo podnikem spole\u010dnosti na elektronickou adresu z\u00e1kazn\u00edka a souhlas se zas\u00edl\u00e1n\u00edm obchodn\u00edch sd\u011blen\u00ed spole\u010dnost\u00ed na elektronickou adresu z\u00e1kazn\u00edka, a to za\u0161krtnut\u00edm p\u0159\u00edslu\u0161n\u00e9ho textov\u00e9ho pole na webov\u00fdch str\u00e1nk\u00e1ch. Tento souhlas m\u016f\u017ee z\u00e1kazn\u00edk kdykoliv odvolat, a to p\u00edsemn\u011b ozn\u00e1men\u00edm zaslan\u00fdm na adresu provozovatele \u010di e-mailem zaslan\u00fdm na e-mailovou adresu spole\u010dnosti.\u00a0\u00a0\u00a0\u00a0\u00a0\u00a0\u00a0<br><br><strong>8.\u00a0\u00a0<\/strong>\u00a0Z\u00e1kazn\u00edk d\u00e1le potvrzuje, \u017ee byl sezn\u00e1men s\u00a0mo\u017enost\u00ed spole\u010dnosti vyu\u017e\u00edvat tzv. cookies v\u00a0souvislosti s\u00a0provozov\u00e1n\u00edm webov\u00e9ho rozhran\u00ed obchodu a ud\u011blil mu pro vyu\u017e\u00edv\u00e1n\u00ed t\u00e9to slu\u017eby souhlas. Z\u00e1kazn\u00edk bere na v\u011bdom\u00ed, \u017ee m\u00e1 pr\u00e1vo tento souhlas kdykoliv odvolat.\u00a0<\/p>\n\n\n\n<p><\/p>\n\n\n\n<p>Provozovatelem webov\u00fdch str\u00e1nek je spole\u010dnost <strong>QPQ, s.r.o., I\u010c: 28467973<\/strong><br>S\u00eddlo spole\u010dnosti: \u0160\u00e1reck\u00e1 925\/51, 16000 Praha 6<\/p>\n","protected":false},"excerpt":{"rendered":"<p>OCHRANA OSOBN\u00cdCH \u00daDAJ\u016e A ZAS\u00cdL\u00c1N\u00cd OBCHODN\u00cdCH SD\u011aLEN\u00cd&nbsp;&nbsp; Zjednodu\u0161en\u00e1 forma: Nikdy Va\u0161e data nep\u0159ed\u00e1me t\u0159et\u00edm osob\u00e1m (krom\u011b dopravn\u00edch spole\u010dnost\u00ed), nikdy je neprod\u00e1me, nikdy je nezneu\u017eijeme pro spamov\u00e1n\u00ed v\u00e1s nab\u00eddkami &#8211; sami to nesn\u00e1\u0161\u00edme. Na co je vyu\u017eijeme &#8211; kontaktovat v\u00e1s zp\u011bt s informacemi, kter\u00e9 jste vy\u017e\u00e1dali. Pokud budete cht\u00edt, v\u0161echno co [&hellip;]<\/p>\n","protected":false},"author":1,"featured_media":0,"parent":0,"menu_order":0,"comment_status":"closed","ping_status":"closed","template":"","meta":{"_ti_tpc_template_sync":false,"_ti_tpc_template_id":"","footnotes":""},"class_list":["post-850","page","type-page","status-publish","hentry"],"_links":{"self":[{"href":"https:\/\/www.misacademy.cz\/index.php\/wp-json\/wp\/v2\/pages\/850"}],"collection":[{"href":"https:\/\/www.misacademy.cz\/index.php\/wp-json\/wp\/v2\/pages"}],"about":[{"href":"https:\/\/www.misacademy.cz\/index.php\/wp-json\/wp\/v2\/types\/page"}],"author":[{"embeddable":true,"href":"https:\/\/www.misacademy.cz\/index.php\/wp-json\/wp\/v2\/users\/1"}],"replies":[{"embeddable":true,"href":"https:\/\/www.misacademy.cz\/index.php\/wp-json\/wp\/v2\/comments?post=850"}],"version-history":[{"count":2,"href":"https:\/\/www.misacademy.cz\/index.php\/wp-json\/wp\/v2\/pages\/850\/revisions"}],"predecessor-version":[{"id":858,"href":"https:\/\/www.misacademy.cz\/index.php\/wp-json\/wp\/v2\/pages\/850\/revisions\/858"}],"wp:attachment":[{"href":"https:\/\/www.misacademy.cz\/index.php\/wp-json\/wp\/v2\/media?parent=850"}],"curies":[{"name":"wp","href":"https:\/\/api.w.org\/{rel}","templated":true}]}}