{"id":68,"date":"2019-06-19T08:19:32","date_gmt":"2019-06-19T08:19:32","guid":{"rendered":"http:\/\/www.misacademy.cz\/?page_id=68"},"modified":"2020-10-04T16:01:02","modified_gmt":"2020-10-04T14:01:02","slug":"vip-poradenstvi","status":"publish","type":"page","link":"https:\/\/www.misacademy.cz\/index.php\/vip-poradenstvi\/","title":{"rendered":"Zbran\u011b a dopl\u0148ky"},"content":{"rendered":"\n<p>Ka\u017ed\u00fd \u010dlov\u011bk je sv\u00fdm zp\u016fsobem origin\u00e1ln\u00ed. Ka\u017ed\u00fd m\u00e1 jin\u00e9 pot\u0159eby, po\u017eadavky,<br> o\u010dek\u00e1v\u00e1n\u00ed. To si uv\u011bdomujeme, a proto se nesna\u017e\u00edme uplatnit jednu univerz\u00e1ln\u00ed<br> \u0161ablonu pro ka\u017ed\u00e9ho. Vyslechneme Va\u0161e po\u017eadavky, zhodnot\u00edme pot\u0159eby a<br> zku\u0161enosti a na z\u00e1klad\u011b t\u011bchto \u00fadaj\u016f navrhneme optim\u00e1ln\u00ed \u0159e\u0161en\u00ed.&nbsp;A\u0165 u\u017e se to bude t\u00fdkat jen <strong>zbran\u00ed<\/strong>, nebo i <strong>dopl\u0148k\u016f<\/strong> k&nbsp;nim.<\/p>\n\n\n\n<p class=\"has-medium-font-size\"><strong>Zbran\u011b<\/strong><\/p>\n\n\n\n<p>&#8211; b\u011b\u017en\u011b dostupn\u00e9 i m\u00e9n\u011b \u010dast\u00e9 modely<br>&#8211; ka\u017ed\u00fd n\u00e1kup \u0159e\u0161\u00edme individu\u00e1ln\u011b<br>&#8211; konzultace pro srovn\u00e1n\u00ed r\u016fzn\u00fdch typ\u016f zbran\u00ed<br>&#8211; mo\u017enost si n\u011bkter\u00e9 zbran\u011b p\u0159ed zakoupen\u00edm fyzicky vyzkou\u0161et (i se st\u0159elbou)<\/p>\n\n\n\n<p><\/p>\n\n\n\n<p><\/p>\n\n\n\n<p class=\"has-medium-font-size\"><strong>P\u0159\u00edslu\u0161enstv\u00ed a dopl\u0148ky<\/strong><\/p>\n\n\n\n<p>&#8211; dod\u00e1n\u00ed sluch\u00e1tek a ochrann\u00fdch br\u00fdl\u00ed<br>&#8211; pouzdra zhotoven\u00e1 na m\u00edru<br>&#8211; bra\u0161ny pro skryt\u00e9 no\u0161en\u00ed<br>&#8211; kolim\u00e1tory, lasery, sv\u00edtilny, pu\u0161kohledy<br>&#8211; st\u0159elivo<br>&#8211; origin\u00e1ln\u00ed cvi\u010dn\u00e9 n\u00e1boje vyhotoven\u00e9 na 3D tisk\u00e1rn\u011b<br>&#8211; zak\u00e1zkov\u00fd 3D tisk<br>&#8211; dal\u0161\u00ed nestandardn\u00ed po\u017eadavky<\/p>\n\n\n\n<p><\/p>\n","protected":false},"excerpt":{"rendered":"<p>Ka\u017ed\u00fd \u010dlov\u011bk je sv\u00fdm zp\u016fsobem origin\u00e1ln\u00ed. Ka\u017ed\u00fd m\u00e1 jin\u00e9 pot\u0159eby, po\u017eadavky, o\u010dek\u00e1v\u00e1n\u00ed. To si uv\u011bdomujeme, a proto se nesna\u017e\u00edme uplatnit jednu univerz\u00e1ln\u00ed \u0161ablonu pro ka\u017ed\u00e9ho. Vyslechneme Va\u0161e po\u017eadavky, zhodnot\u00edme pot\u0159eby a zku\u0161enosti a na z\u00e1klad\u011b t\u011bchto \u00fadaj\u016f navrhneme optim\u00e1ln\u00ed \u0159e\u0161en\u00ed.&nbsp;A\u0165 u\u017e se to bude t\u00fdkat jen zbran\u00ed, nebo i dopl\u0148k\u016f [&hellip;]<\/p>\n","protected":false},"author":1,"featured_media":0,"parent":0,"menu_order":0,"comment_status":"closed","ping_status":"closed","template":"","meta":{"_ti_tpc_template_sync":false,"_ti_tpc_template_id":"","footnotes":""},"class_list":["post-68","page","type-page","status-publish","hentry"],"_links":{"self":[{"href":"https:\/\/www.misacademy.cz\/index.php\/wp-json\/wp\/v2\/pages\/68"}],"collection":[{"href":"https:\/\/www.misacademy.cz\/index.php\/wp-json\/wp\/v2\/pages"}],"about":[{"href":"https:\/\/www.misacademy.cz\/index.php\/wp-json\/wp\/v2\/types\/page"}],"author":[{"embeddable":true,"href":"https:\/\/www.misacademy.cz\/index.php\/wp-json\/wp\/v2\/users\/1"}],"replies":[{"embeddable":true,"href":"https:\/\/www.misacademy.cz\/index.php\/wp-json\/wp\/v2\/comments?post=68"}],"version-history":[{"count":14,"href":"https:\/\/www.misacademy.cz\/index.php\/wp-json\/wp\/v2\/pages\/68\/revisions"}],"predecessor-version":[{"id":645,"href":"https:\/\/www.misacademy.cz\/index.php\/wp-json\/wp\/v2\/pages\/68\/revisions\/645"}],"wp:attachment":[{"href":"https:\/\/www.misacademy.cz\/index.php\/wp-json\/wp\/v2\/media?parent=68"}],"curies":[{"name":"wp","href":"https:\/\/api.w.org\/{rel}","templated":true}]}}