{"id":56,"date":"2019-06-19T08:15:21","date_gmt":"2019-06-19T08:15:21","guid":{"rendered":"http:\/\/www.misacademy.cz\/?page_id=56"},"modified":"2023-11-27T01:35:30","modified_gmt":"2023-11-27T00:35:30","slug":"sluzby","status":"publish","type":"page","link":"https:\/\/www.misacademy.cz\/index.php\/sluzby\/","title":{"rendered":"Slu\u017eby"},"content":{"rendered":"\n<figure class=\"wp-block-image size-large\"><a href=\"https:\/\/www.misacademy.cz\/index.php\/ziskani-zp\/\"><img loading=\"lazy\" decoding=\"async\" width=\"1024\" height=\"682\" src=\"https:\/\/www.misacademy.cz\/wp-content\/uploads\/2020\/09\/zp-1024x682.jpeg\" alt=\"\" class=\"wp-image-537\" srcset=\"https:\/\/www.misacademy.cz\/wp-content\/uploads\/2020\/09\/zp-1024x682.jpeg 1024w, https:\/\/www.misacademy.cz\/wp-content\/uploads\/2020\/09\/zp-300x200.jpeg 300w, https:\/\/www.misacademy.cz\/wp-content\/uploads\/2020\/09\/zp-768x512.jpeg 768w, https:\/\/www.misacademy.cz\/wp-content\/uploads\/2020\/09\/zp-1536x1023.jpeg 1536w, https:\/\/www.misacademy.cz\/wp-content\/uploads\/2020\/09\/zp-272x182.jpeg 272w, https:\/\/www.misacademy.cz\/wp-content\/uploads\/2020\/09\/zp.jpeg 1600w\" sizes=\"(max-width: 1024px) 100vw, 1024px\" \/><\/a><\/figure>\n\n\n\n<figure class=\"wp-block-image size-large\"><a href=\"https:\/\/www.misacademy.cz\/index.php\/vip-poradenstvi\/\"><img loading=\"lazy\" decoding=\"async\" width=\"1024\" height=\"682\" src=\"https:\/\/www.misacademy.cz\/wp-content\/uploads\/2020\/09\/zbrane-1024x682.jpeg\" alt=\"\" class=\"wp-image-536\" srcset=\"https:\/\/www.misacademy.cz\/wp-content\/uploads\/2020\/09\/zbrane-1024x682.jpeg 1024w, https:\/\/www.misacademy.cz\/wp-content\/uploads\/2020\/09\/zbrane-300x200.jpeg 300w, https:\/\/www.misacademy.cz\/wp-content\/uploads\/2020\/09\/zbrane-768x512.jpeg 768w, https:\/\/www.misacademy.cz\/wp-content\/uploads\/2020\/09\/zbrane-1536x1023.jpeg 1536w, https:\/\/www.misacademy.cz\/wp-content\/uploads\/2020\/09\/zbrane-272x182.jpeg 272w, https:\/\/www.misacademy.cz\/wp-content\/uploads\/2020\/09\/zbrane.jpeg 1600w\" sizes=\"(max-width: 1024px) 100vw, 1024px\" \/><\/a><\/figure>\n\n\n\n<figure class=\"wp-block-image size-large\"><a href=\"https:\/\/www.misacademy.cz\/index.php\/zazitkova-strelba\/\"><img loading=\"lazy\" decoding=\"async\" width=\"1024\" height=\"683\" src=\"https:\/\/www.misacademy.cz\/wp-content\/uploads\/2020\/10\/R\u00e1di-V\u00e1m-zprost\u0159edkujeme-firemn\u00ed-akci-v-podob\u011b-teambuildingu-na-st\u0159elnici-nebo-netradi\u010dn\u00ed-rozlu\u010dku-se-svobodou.-1024x683.png\" alt=\"\" class=\"wp-image-643\" srcset=\"https:\/\/www.misacademy.cz\/wp-content\/uploads\/2020\/10\/R\u00e1di-V\u00e1m-zprost\u0159edkujeme-firemn\u00ed-akci-v-podob\u011b-teambuildingu-na-st\u0159elnici-nebo-netradi\u010dn\u00ed-rozlu\u010dku-se-svobodou.-1024x683.png 1024w, https:\/\/www.misacademy.cz\/wp-content\/uploads\/2020\/10\/R\u00e1di-V\u00e1m-zprost\u0159edkujeme-firemn\u00ed-akci-v-podob\u011b-teambuildingu-na-st\u0159elnici-nebo-netradi\u010dn\u00ed-rozlu\u010dku-se-svobodou.-300x200.png 300w, https:\/\/www.misacademy.cz\/wp-content\/uploads\/2020\/10\/R\u00e1di-V\u00e1m-zprost\u0159edkujeme-firemn\u00ed-akci-v-podob\u011b-teambuildingu-na-st\u0159elnici-nebo-netradi\u010dn\u00ed-rozlu\u010dku-se-svobodou.-768x512.png 768w, https:\/\/www.misacademy.cz\/wp-content\/uploads\/2020\/10\/R\u00e1di-V\u00e1m-zprost\u0159edkujeme-firemn\u00ed-akci-v-podob\u011b-teambuildingu-na-st\u0159elnici-nebo-netradi\u010dn\u00ed-rozlu\u010dku-se-svobodou.-1536x1024.png 1536w, https:\/\/www.misacademy.cz\/wp-content\/uploads\/2020\/10\/R\u00e1di-V\u00e1m-zprost\u0159edkujeme-firemn\u00ed-akci-v-podob\u011b-teambuildingu-na-st\u0159elnici-nebo-netradi\u010dn\u00ed-rozlu\u010dku-se-svobodou.-272x182.png 272w, https:\/\/www.misacademy.cz\/wp-content\/uploads\/2020\/10\/R\u00e1di-V\u00e1m-zprost\u0159edkujeme-firemn\u00ed-akci-v-podob\u011b-teambuildingu-na-st\u0159elnici-nebo-netradi\u010dn\u00ed-rozlu\u010dku-se-svobodou..png 1800w\" sizes=\"(max-width: 1024px) 100vw, 1024px\" \/><\/a><\/figure>\n","protected":false},"excerpt":{"rendered":"","protected":false},"author":1,"featured_media":0,"parent":0,"menu_order":0,"comment_status":"closed","ping_status":"closed","template":"","meta":{"_ti_tpc_template_sync":false,"_ti_tpc_template_id":"","footnotes":""},"class_list":["post-56","page","type-page","status-publish","hentry"],"_links":{"self":[{"href":"https:\/\/www.misacademy.cz\/index.php\/wp-json\/wp\/v2\/pages\/56"}],"collection":[{"href":"https:\/\/www.misacademy.cz\/index.php\/wp-json\/wp\/v2\/pages"}],"about":[{"href":"https:\/\/www.misacademy.cz\/index.php\/wp-json\/wp\/v2\/types\/page"}],"author":[{"embeddable":true,"href":"https:\/\/www.misacademy.cz\/index.php\/wp-json\/wp\/v2\/users\/1"}],"replies":[{"embeddable":true,"href":"https:\/\/www.misacademy.cz\/index.php\/wp-json\/wp\/v2\/comments?post=56"}],"version-history":[{"count":3,"href":"https:\/\/www.misacademy.cz\/index.php\/wp-json\/wp\/v2\/pages\/56\/revisions"}],"predecessor-version":[{"id":961,"href":"https:\/\/www.misacademy.cz\/index.php\/wp-json\/wp\/v2\/pages\/56\/revisions\/961"}],"wp:attachment":[{"href":"https:\/\/www.misacademy.cz\/index.php\/wp-json\/wp\/v2\/media?parent=56"}],"curies":[{"name":"wp","href":"https:\/\/api.w.org\/{rel}","templated":true}]}}