{"id":338,"date":"2019-11-22T19:44:56","date_gmt":"2019-11-22T19:44:56","guid":{"rendered":"http:\/\/www.misacademy.cz\/?page_id=338"},"modified":"2020-10-04T19:37:47","modified_gmt":"2020-10-04T17:37:47","slug":"zazitkova-strelba","status":"publish","type":"page","link":"https:\/\/www.misacademy.cz\/index.php\/zazitkova-strelba\/","title":{"rendered":"Akce na m\u00edru"},"content":{"rendered":"\n<p>St\u0159elbu si lze vyzkou\u0161et i mimo kurzy, kter\u00e9 poskytujeme.\nJsou skv\u011bl\u00fdm d\u00e1rkem k&nbsp;narozenin\u00e1m, v\u00fdro\u010d\u00ed nebo jako adrenalinov\u00e1 rozlu\u010dka\nse svobodou \u2013 a to nejen pro p\u00e1nsk\u00e9 kolektivy.<\/p>\n\n\n\n<p>R\u00e1di vyjdeme vst\u0159\u00edc i po\u017eadavk\u016fm, kter\u00e9 nejsou uvedeny ve standardizovan\u00e9\nnab\u00eddce.<\/p>\n\n\n\n<p>M\u016f\u017eeme za\u0159\u00eddit:<\/p>\n\n\n\n<p>&#8211; priv\u00e1tn\u00ed tr\u00e9ninkov\u00e9 lekce <br>&#8211; firemn\u00ed \/teambuildingov\u00e9 vzd\u011bl\u00e1vac\u00ed kurzy<br>&#8211; z\u00e1\u017eitkov\u00e9 akce <\/p>\n\n\n\n<p>Pro poskytnut\u00ed individu\u00e1ln\u00ed cenov\u00e9 nab\u00eddky n\u00e1s pros\u00edm <a href=\"https:\/\/www.misacademy.cz\/index.php\/kontakty\/\">kontaktujte<\/a>.<\/p>\n\n\n\n<p><\/p>\n","protected":false},"excerpt":{"rendered":"<p>St\u0159elbu si lze vyzkou\u0161et i mimo kurzy, kter\u00e9 poskytujeme. Jsou skv\u011bl\u00fdm d\u00e1rkem k&nbsp;narozenin\u00e1m, v\u00fdro\u010d\u00ed nebo jako adrenalinov\u00e1 rozlu\u010dka se svobodou \u2013 a to nejen pro p\u00e1nsk\u00e9 kolektivy. R\u00e1di vyjdeme vst\u0159\u00edc i po\u017eadavk\u016fm, kter\u00e9 nejsou uvedeny ve standardizovan\u00e9 nab\u00eddce. M\u016f\u017eeme za\u0159\u00eddit: &#8211; priv\u00e1tn\u00ed tr\u00e9ninkov\u00e9 lekce &#8211; firemn\u00ed \/teambuildingov\u00e9 vzd\u011bl\u00e1vac\u00ed kurzy&#8211; z\u00e1\u017eitkov\u00e9 [&hellip;]<\/p>\n","protected":false},"author":1,"featured_media":0,"parent":0,"menu_order":0,"comment_status":"closed","ping_status":"closed","template":"","meta":{"_ti_tpc_template_sync":false,"_ti_tpc_template_id":"","footnotes":""},"class_list":["post-338","page","type-page","status-publish","hentry"],"_links":{"self":[{"href":"https:\/\/www.misacademy.cz\/index.php\/wp-json\/wp\/v2\/pages\/338"}],"collection":[{"href":"https:\/\/www.misacademy.cz\/index.php\/wp-json\/wp\/v2\/pages"}],"about":[{"href":"https:\/\/www.misacademy.cz\/index.php\/wp-json\/wp\/v2\/types\/page"}],"author":[{"embeddable":true,"href":"https:\/\/www.misacademy.cz\/index.php\/wp-json\/wp\/v2\/users\/1"}],"replies":[{"embeddable":true,"href":"https:\/\/www.misacademy.cz\/index.php\/wp-json\/wp\/v2\/comments?post=338"}],"version-history":[{"count":3,"href":"https:\/\/www.misacademy.cz\/index.php\/wp-json\/wp\/v2\/pages\/338\/revisions"}],"predecessor-version":[{"id":667,"href":"https:\/\/www.misacademy.cz\/index.php\/wp-json\/wp\/v2\/pages\/338\/revisions\/667"}],"wp:attachment":[{"href":"https:\/\/www.misacademy.cz\/index.php\/wp-json\/wp\/v2\/media?parent=338"}],"curies":[{"name":"wp","href":"https:\/\/api.w.org\/{rel}","templated":true}]}}