{"id":10,"date":"2019-06-18T10:08:20","date_gmt":"2019-06-18T10:08:20","guid":{"rendered":"http:\/\/www.misacademy.cz\/?page_id=10"},"modified":"2021-09-30T19:52:44","modified_gmt":"2021-09-30T17:52:44","slug":"o-nas","status":"publish","type":"page","link":"https:\/\/www.misacademy.cz\/index.php\/o-nas\/","title":{"rendered":"O n\u00e1s"},"content":{"rendered":"\n<h3 class=\"wp-block-heading\">Kdo jsme a co d\u011bl\u00e1me?<\/h3>\n\n\n\n<p>Zab\u00fdv\u00e1me se \u0161irokou \u0161k\u00e1lou \u010dinnost\u00ed t\u00fdkaj\u00edc\u00edch se st\u0159elby.\nP\u0159iprav\u00edme V\u00e1s na zkou\u0161ky odborn\u00e9 zp\u016fsobilosti, roz\u0161\u00ed\u0159\u00edme Va\u0161e znalosti a\nzku\u0161enosti na n\u011bkter\u00e9m z&nbsp;pistolov\u00fdch kurz\u016f, porad\u00edme s&nbsp;v\u00fdb\u011brem zbran\u011b\na p\u0159\u00edslu\u0161enstv\u00ed, nebo uspo\u0159\u00e1d\u00e1me firemn\u00ed teambuilding \u010di jinou z\u00e1\u017eitkovou akci.<\/p>\n\n\n\n<p>V\u011bnovat se V\u00e1m bude:<\/p>\n\n\n\n<p>&nbsp;P\u0159emek<\/p>\n\n\n\n<p><em>&nbsp;\u201eSt\u0159\u00edlet jsem za\u010dal s&nbsp;t\u00e1tou hned, jak to bylo mo\u017en\u00e9. V&nbsp;roce 2001 jsem si ud\u011blal vlastn\u00ed zbrojn\u00ed pr\u016fkaz, a od t\u00e9 doby se v\u011bnuji sportovn\u00ed i dal\u0161\u00edm druh\u016fm st\u0159elby. N\u011bkolikr\u00e1t jsem vyhr\u00e1l mistrovstv\u00ed republiky v&nbsp;IPSC, \u010cR jsem reprezentoval i na zahrani\u010dn\u00edch z\u00e1vodech. Od roku 2018 jsem s&nbsp;man\u017eelkou zalo\u017eil firmu a zbran\u00edm se v\u011bnujeme u\u017e i pracovn\u011b.\u201c<\/em><\/p>\n\n\n\n<p>A \u0160\u00e1rka <\/p>\n\n\n\n<p><em>\u201eSt\u0159elb\u011b jsem se za\u010dala aktivn\u011b v\u011bnovat v\u00a0roce 2017, d\u00edky \u010demu\u017e si dob\u0159e pamatuji ve\u0161ker\u00e1 \u00faskal\u00ed, kter\u00e1 p\u0159i st\u0159elb\u011b \u010dekaj\u00ed na za\u010d\u00e1te\u010dn\u00edky a dal\u0161\u00ed, kter\u00e1 se t\u00fdkaj\u00ed \u017een. Proto se zam\u011b\u0159uji p\u0159edev\u0161\u00edm na jejich v\u00fduku. Mimo v\u00fduky je mou parketou i administrativa, tak\u017ee prvn\u00ed zvon\u00edc\u00ed telefon od n\u00e1s budu j\u00e1.\u201c<\/em><\/p>\n\n\n\n<p><\/p>\n\n\n\n<p><\/p>\n\n\n\n<p><\/p>\n\n\n\n<p><\/p>\n\n\n\n<h3 class=\"wp-block-heading\"><\/h3>\n\n\n\n<p><\/p>\n\n\n\n<p><\/p>\n\n\n\n<p><\/p>\n\n\n\n<p><\/p>\n\n\n\n<p><\/p>\n\n\n\n<p><\/p>\n\n\n\n<p><\/p>\n\n\n\n<p><\/p>\n","protected":false},"excerpt":{"rendered":"<p>Kdo jsme a co d\u011bl\u00e1me? Zab\u00fdv\u00e1me se \u0161irokou \u0161k\u00e1lou \u010dinnost\u00ed t\u00fdkaj\u00edc\u00edch se st\u0159elby. P\u0159iprav\u00edme V\u00e1s na zkou\u0161ky odborn\u00e9 zp\u016fsobilosti, roz\u0161\u00ed\u0159\u00edme Va\u0161e znalosti a zku\u0161enosti na n\u011bkter\u00e9m z&nbsp;pistolov\u00fdch kurz\u016f, porad\u00edme s&nbsp;v\u00fdb\u011brem zbran\u011b a p\u0159\u00edslu\u0161enstv\u00ed, nebo uspo\u0159\u00e1d\u00e1me firemn\u00ed teambuilding \u010di jinou z\u00e1\u017eitkovou akci. V\u011bnovat se V\u00e1m bude: &nbsp;P\u0159emek &nbsp;\u201eSt\u0159\u00edlet jsem za\u010dal s&nbsp;t\u00e1tou [&hellip;]<\/p>\n","protected":false},"author":1,"featured_media":0,"parent":0,"menu_order":0,"comment_status":"closed","ping_status":"closed","template":"","meta":{"_ti_tpc_template_sync":false,"_ti_tpc_template_id":"","footnotes":""},"class_list":["post-10","page","type-page","status-publish","hentry"],"_links":{"self":[{"href":"https:\/\/www.misacademy.cz\/index.php\/wp-json\/wp\/v2\/pages\/10"}],"collection":[{"href":"https:\/\/www.misacademy.cz\/index.php\/wp-json\/wp\/v2\/pages"}],"about":[{"href":"https:\/\/www.misacademy.cz\/index.php\/wp-json\/wp\/v2\/types\/page"}],"author":[{"embeddable":true,"href":"https:\/\/www.misacademy.cz\/index.php\/wp-json\/wp\/v2\/users\/1"}],"replies":[{"embeddable":true,"href":"https:\/\/www.misacademy.cz\/index.php\/wp-json\/wp\/v2\/comments?post=10"}],"version-history":[{"count":7,"href":"https:\/\/www.misacademy.cz\/index.php\/wp-json\/wp\/v2\/pages\/10\/revisions"}],"predecessor-version":[{"id":874,"href":"https:\/\/www.misacademy.cz\/index.php\/wp-json\/wp\/v2\/pages\/10\/revisions\/874"}],"wp:attachment":[{"href":"https:\/\/www.misacademy.cz\/index.php\/wp-json\/wp\/v2\/media?parent=10"}],"curies":[{"name":"wp","href":"https:\/\/api.w.org\/{rel}","templated":true}]}}